{"id":365,"date":"2019-03-29T12:53:10","date_gmt":"2019-03-29T11:53:10","guid":{"rendered":"https:\/\/eb2019.paedagogik.uni-halle.de\/?page_id=365"},"modified":"2019-09-19T20:43:47","modified_gmt":"2019-09-19T18:43:47","slug":"anreise-2","status":"publish","type":"page","link":"https:\/\/eb2019.paedagogik.uni-halle.de\/?page_id=365","title":{"rendered":"Anreise"},"content":{"rendered":"<p>[vc_row][vc_column][vc_column_text]<strong>Veranstaltungsort:<\/strong><\/p>\n<p>Martin-Luther-Universit\u00e4t Halle-Wittenberg<br \/>\nPhilosophische Fakult\u00e4t III \u2013 Erziehungswissenschaften<br \/>\nCampus: Franckesche Stiftungen<br \/>\nInstitut f\u00fcr P\u00e4dagogik<br \/>\nHans-Ahrbeck-Haus [Haus 31]<br \/>\nFranckeplatz 1<br \/>\n06110 Halle<\/p>\n<p>[\/vc_column_text][vc_empty_space height=&#8220;10px&#8220;][vc_images_carousel images=&#8220;849,850,1697,1680&#8243; img_size=&#8220;540&#215;540&#8243; speed=&#8220;2500&#8243; slides_per_view=&#8220;4&#8243; hide_pagination_control=&#8220;yes&#8220; hide_prev_next_buttons=&#8220;yes&#8220; el_class=&#8220;-&#8222;][vc_empty_space height=&#8220;10px&#8220;][vc_column_text]<strong>Anreise vom HBF Halle (Saale)<\/strong><br \/>\nDie Stra\u00dfenbahnlinien 4 (Richtung Kr\u00f6llwitz), 7 (Richtung Kr\u00f6llwitz) oder 9 (Richtung G\u00f6ttinger Bogen) bringen Sie vom Bahnhof ohne Umsteigen direkt zur Haltestelle Franckeplatz. Gegen\u00fcber der Haltestelle Franckeplatz liegen die Franckeschen Stiftungen und der Veranstaltungsort Hans-Ahrbeck Haus | Haus 31<br \/>\nDie Franckeschen Stiftungen sind in 10-15 Minuten zu Fu\u00df vom Hauptbahnhof zu erreichen.<\/p>\n<p>[\/vc_column_text][vc_empty_space height=&#8220;10px&#8220;][vc_column_text]<strong>Anreise mit dem PKW<\/strong><br \/>\nIm Umfeld des Veranstaltungsorts gibt es kaum Parkm\u00f6glichkeiten.<\/p>\n<p><a href=\"https:\/\/eb2019.paedagogik.uni-halle.de\">Zur\u00fcck zur Startseite<\/a>[\/vc_column_text][\/vc_column][\/vc_row]<\/p>\n","protected":false},"excerpt":{"rendered":"<div class=\"entry-summary\">\nVeranstaltungsort: Martin-Luther-Universit\u00e4t Halle-Wittenberg Philosophische Fakult\u00e4t III \u2013 Erziehungswissenschaften Campus: Franckesche Stiftungen Institut f\u00fcr P\u00e4dagogik Hans-Ahrbeck-Haus  Franckeplatz 1 06110&hellip;\n<\/div>\n<div class=\"link-more\"><a href=\"https:\/\/eb2019.paedagogik.uni-halle.de\/?page_id=365\" class=\"more-link\">Continue reading<span class=\"screen-reader-text\"> &ldquo;Anreise&rdquo;<\/span>&hellip;<\/a><\/div>\n","protected":false},"author":3976,"featured_media":0,"parent":0,"menu_order":6,"comment_status":"closed","ping_status":"closed","template":"","meta":{"_links_to":"","_links_to_target":""},"_links":{"self":[{"href":"https:\/\/eb2019.paedagogik.uni-halle.de\/index.php?rest_route=\/wp\/v2\/pages\/365"}],"collection":[{"href":"https:\/\/eb2019.paedagogik.uni-halle.de\/index.php?rest_route=\/wp\/v2\/pages"}],"about":[{"href":"https:\/\/eb2019.paedagogik.uni-halle.de\/index.php?rest_route=\/wp\/v2\/types\/page"}],"author":[{"embeddable":true,"href":"https:\/\/eb2019.paedagogik.uni-halle.de\/index.php?rest_route=\/wp\/v2\/users\/3976"}],"replies":[{"embeddable":true,"href":"https:\/\/eb2019.paedagogik.uni-halle.de\/index.php?rest_route=%2Fwp%2Fv2%2Fcomments&post=365"}],"version-history":[{"count":11,"href":"https:\/\/eb2019.paedagogik.uni-halle.de\/index.php?rest_route=\/wp\/v2\/pages\/365\/revisions"}],"predecessor-version":[{"id":763,"href":"https:\/\/eb2019.paedagogik.uni-halle.de\/index.php?rest_route=\/wp\/v2\/pages\/365\/revisions\/763"}],"wp:attachment":[{"href":"https:\/\/eb2019.paedagogik.uni-halle.de\/index.php?rest_route=%2Fwp%2Fv2%2Fmedia&parent=365"}],"curies":[{"name":"wp","href":"https:\/\/api.w.org\/{rel}","templated":true}]}}