{"id":350,"date":"2019-03-10T22:48:28","date_gmt":"2019-03-10T21:48:28","guid":{"rendered":"https:\/\/eb2019.paedagogik.uni-halle.de\/?page_id=350"},"modified":"2019-10-25T17:03:59","modified_gmt":"2019-10-25T15:03:59","slug":"anreise","status":"publish","type":"page","link":"https:\/\/eb2019.paedagogik.uni-halle.de\/?page_id=350","title":{"rendered":"Geb\u00fchren"},"content":{"rendered":"<p>[vc_row][vc_column][vc_column_text]<\/p>\n<p><strong>Geb\u00fchrenliste der Anmeldung zur Jahrestagung der Sektion Erwachsenenbildung der Deutschen Gesellschaft f\u00fcr Erziehungswissenschaft (DGfE) an der Martin-Luther-Universit\u00e4t Halle-Wittenberg vom 25.\u201327.09.2019<\/strong><\/p>\n<p>[\/vc_column_text][vc_empty_space][vc_column_text]<\/p>\n<p><strong>Teilnahmegeb\u00fchren Sektionstagung<\/strong><\/p>\n<p><em>Anmeldung bis 31.07.2019 (early bird)<\/em><\/p>\n<p>Student_in | 20 Euro<br \/>\nDoktorand_in, assoziiertes Mitglied DGfE | 45 Euro<br \/>\nMitglied DGfE | 70 Euro<br \/>\nGast | 85 Euro<\/p>\n<p><em>Anmeldung ab 01.08.2019<\/em><\/p>\n<p>Student_in | 40 Euro<br \/>\nDoktorand_in, assoziiertes Mitglied DGfE | 65 Euro<br \/>\nMitglied DGfE | 90 Euro<br \/>\nGast | 105 Euro <\/p>\n<p><strong>Geb\u00fchr f\u00fcr den Gesellschaftsabend am 25.09.2019<\/strong><\/p>\n<p>30 Euro<\/p>\n<p>[\/vc_column_text][vc_column_text]<a href=\"https:\/\/eb2019.paedagogik.uni-halle.de\">Zur\u00fcck zur Startseite<\/a><br \/>\n[\/vc_column_text][\/vc_column][\/vc_row]<\/p>\n","protected":false},"excerpt":{"rendered":"<div class=\"entry-summary\">\n Geb\u00fchrenliste der Anmeldung zur Jahrestagung der Sektion Erwachsenenbildung der Deutschen Gesellschaft f\u00fcr Erziehungswissenschaft (DGfE) an der Martin-Luther-Universit\u00e4t Halle-Wittenberg vom&hellip;\n<\/div>\n<div class=\"link-more\"><a href=\"https:\/\/eb2019.paedagogik.uni-halle.de\/?page_id=350\" class=\"more-link\">Continue reading<span class=\"screen-reader-text\"> &ldquo;Geb\u00fchren&rdquo;<\/span>&hellip;<\/a><\/div>\n","protected":false},"author":3976,"featured_media":0,"parent":0,"menu_order":1,"comment_status":"closed","ping_status":"closed","template":"","meta":{"_links_to":"","_links_to_target":""},"_links":{"self":[{"href":"https:\/\/eb2019.paedagogik.uni-halle.de\/index.php?rest_route=\/wp\/v2\/pages\/350"}],"collection":[{"href":"https:\/\/eb2019.paedagogik.uni-halle.de\/index.php?rest_route=\/wp\/v2\/pages"}],"about":[{"href":"https:\/\/eb2019.paedagogik.uni-halle.de\/index.php?rest_route=\/wp\/v2\/types\/page"}],"author":[{"embeddable":true,"href":"https:\/\/eb2019.paedagogik.uni-halle.de\/index.php?rest_route=\/wp\/v2\/users\/3976"}],"replies":[{"embeddable":true,"href":"https:\/\/eb2019.paedagogik.uni-halle.de\/index.php?rest_route=%2Fwp%2Fv2%2Fcomments&post=350"}],"version-history":[{"count":10,"href":"https:\/\/eb2019.paedagogik.uni-halle.de\/index.php?rest_route=\/wp\/v2\/pages\/350\/revisions"}],"predecessor-version":[{"id":1964,"href":"https:\/\/eb2019.paedagogik.uni-halle.de\/index.php?rest_route=\/wp\/v2\/pages\/350\/revisions\/1964"}],"wp:attachment":[{"href":"https:\/\/eb2019.paedagogik.uni-halle.de\/index.php?rest_route=%2Fwp%2Fv2%2Fmedia&parent=350"}],"curies":[{"name":"wp","href":"https:\/\/api.w.org\/{rel}","templated":true}]}}