{"id":2019,"date":"2020-01-09T00:17:54","date_gmt":"2020-01-08T23:17:54","guid":{"rendered":"https:\/\/eb2019.paedagogik.uni-halle.de\/?page_id=2019"},"modified":"2020-01-09T08:54:31","modified_gmt":"2020-01-09T07:54:31","slug":"2019-2","status":"publish","type":"page","link":"https:\/\/eb2019.paedagogik.uni-halle.de\/?page_id=2019","title":{"rendered":"Stimme zur historischen Erwachsenenbildungsforschung"},"content":{"rendered":"<p>[vc_row][vc_column][vc_column_text]<\/p>\n<p><strong>Nicole Hoffmann (Universit\u00e4t Koblenz-Landau)<\/strong><\/p>\n<p>Hiermit m\u00f6chte ich mich jenen Voten anschlie\u00dfen, welche \u2013 etwa bei der Tagung in Halle und in den \u201eStimmen\u201c hier \u2013 auf die zentrale Bedeutung eines soliden Zugangs zu Quellen der historischen Erwachsenenbildungsforschung hingewiesen haben. Konkret m\u00f6chte ich dazu eine Anregung aus einer der Panel-Diskussionen weitergeben.<\/p>\n<p>Gerade anl\u00e4sslich der j\u00fcngsten Feierlichkeiten zu \u201e100 Jahre VHS\u201c war der Eindruck zu gewinnen, dass es insbesondere f\u00fcr kleinere Einrichtungen weder selbstverst\u00e4ndlich noch leicht ist, parallel zu den zahlreichen Anforderungen des \u201aNormal-Betriebs\u2018 die historische Dimension ihrer Arbeit im Blick zu behalten. So manche VHS ist zwar bem\u00fcht, wichtige Akten, Berichte, Plakate, Fotos, Programme oder sonstige Zeugnisse ihres Tuns zu sammeln, doch geschieht dies wohl zwangsl\u00e4ufig oft eher nebenbei, d.h. wenig systematisch und kaum archivarisch aufbereitet. Vor allem wenn die Leitung wechselt oder altgediente Mitarbeitende in den Ruhestand gehen, k\u00f6nnen das Wissen um bzw. der Zugang zu Dokumente\/n zuweilen ganz verlorengehen. Vor diesem Hintergrund erscheint die \u00f6sterreichische Vorgehensweise interessant, den Aspekt der historischen Dokumentation ausdr\u00fccklich mit in die Verfahren der Qualit\u00e4tssicherung und -entwicklung aufzunehmen. Dort wird bei jeder (Re-) Testierung, so der in einer der Tagungsdiskussionen ge\u00e4u\u00dferte Hinweis, jeweils ein bestimmter Satz an Materialien aus dem institutionellen Alltag (und nicht nur Programme!) zusammengestellt, um dann im \u00d6sterreichischen Volkshochschularchiv zentral aufbereitet zu werden. Mir ist durchaus bewusst, dass dies nicht ohne zus\u00e4tzliche Ressourcen und einen vermutlich wenig gesch\u00e4tzten b\u00fcrokratischen Aufwand umzusetzen ist, doch w\u00e4re es f\u00fcr die Forschung auf lange Sicht nicht lohnend, wenn es \u2013 z.B. \u00fcber Programm- bzw. Meta-Archiv des DIE, via ArtSet o.\u00c4. \u2013 auch in Deutschland m\u00f6glich w\u00e4re, auf diese Weise einen bundesweiten Basisbestand strukturell zu sichern und dauerhaft verf\u00fcgbar zu machen?<\/p>\n<p><a href=\"https:\/\/eb2019.paedagogik.uni-halle.de\/?page_id=1792\">Zur\u00fcck<\/a><\/p>\n<p>[\/vc_column_text][\/vc_column][\/vc_row]<\/p>\n","protected":false},"excerpt":{"rendered":"<div class=\"entry-summary\">\n Nicole Hoffmann (Universit\u00e4t Koblenz-Landau) Hiermit m\u00f6chte ich mich jenen Voten anschlie\u00dfen, welche \u2013 etwa bei der Tagung in Halle&hellip;\n<\/div>\n<div class=\"link-more\"><a href=\"https:\/\/eb2019.paedagogik.uni-halle.de\/?page_id=2019\" class=\"more-link\">Continue reading<span class=\"screen-reader-text\"> &ldquo;Stimme zur historischen Erwachsenenbildungsforschung&rdquo;<\/span>&hellip;<\/a><\/div>\n","protected":false},"author":3976,"featured_media":0,"parent":0,"menu_order":0,"comment_status":"open","ping_status":"closed","template":"","meta":{"_links_to":"","_links_to_target":""},"_links":{"self":[{"href":"https:\/\/eb2019.paedagogik.uni-halle.de\/index.php?rest_route=\/wp\/v2\/pages\/2019"}],"collection":[{"href":"https:\/\/eb2019.paedagogik.uni-halle.de\/index.php?rest_route=\/wp\/v2\/pages"}],"about":[{"href":"https:\/\/eb2019.paedagogik.uni-halle.de\/index.php?rest_route=\/wp\/v2\/types\/page"}],"author":[{"embeddable":true,"href":"https:\/\/eb2019.paedagogik.uni-halle.de\/index.php?rest_route=\/wp\/v2\/users\/3976"}],"replies":[{"embeddable":true,"href":"https:\/\/eb2019.paedagogik.uni-halle.de\/index.php?rest_route=%2Fwp%2Fv2%2Fcomments&post=2019"}],"version-history":[{"count":6,"href":"https:\/\/eb2019.paedagogik.uni-halle.de\/index.php?rest_route=\/wp\/v2\/pages\/2019\/revisions"}],"predecessor-version":[{"id":2063,"href":"https:\/\/eb2019.paedagogik.uni-halle.de\/index.php?rest_route=\/wp\/v2\/pages\/2019\/revisions\/2063"}],"wp:attachment":[{"href":"https:\/\/eb2019.paedagogik.uni-halle.de\/index.php?rest_route=%2Fwp%2Fv2%2Fmedia&parent=2019"}],"curies":[{"name":"wp","href":"https:\/\/api.w.org\/{rel}","templated":true}]}}