{"id":1796,"date":"2019-10-09T09:07:50","date_gmt":"2019-10-09T07:07:50","guid":{"rendered":"https:\/\/eb2019.paedagogik.uni-halle.de\/?page_id=1796"},"modified":"2019-10-09T14:13:51","modified_gmt":"2019-10-09T12:13:51","slug":"verleihung-des-posterpreises","status":"publish","type":"page","link":"https:\/\/eb2019.paedagogik.uni-halle.de\/?page_id=1796","title":{"rendered":"Verleihung des Posterpreises"},"content":{"rendered":"<p>Den diesj\u00e4hrigen 1. Platz des wbv-Posterpreises auf der Jahrestagung der Sektion Erwachsenenbildung (DGfE) hat <strong>Frau Stefanie Hoffmann<\/strong> (Humboldt-Universit\u00e4t zu Berlin) gewonnen. Wir gratulieren der Gewinnerin recht herzlich!<\/p>\n<p>Platzierungen<\/p>\n<p><strong>1. Platz<\/strong> Stefanie Hoffmann [Humboldt-Universit\u00e4t zu Berlin]<\/p>\n<p><strong>2. Platz<\/strong> Stephanie Freide [Deutsches Institut f\u00fcr Erwachsenenbildung Bonn]<\/p>\n<p><strong>3. Platz<\/strong> Katharina Pongratz [Otto-von-Guericke-Universit\u00e4t Magdeburg]<\/p>\n<p><strong>Presseinformation wbv<\/strong><em>: Stefanie Hoffmann (Humboldt-Universit\u00e4t Berlin) wurde auf der Tagung der Sektion Erwachsenenbildung der Deutschen Gesellschaft f\u00fcr Erziehungswis- senschaften (DGfE) mit dem wbv-Posterpreis 2019 ausgezeichnet. F\u00fcr ihr Poster zum Thema \u201eHabitustheoretische Rahmungen sozialer Mobilit\u00e4t und Bildungsprozesse zusammendenken\u201c erhielt die Wissenschaftlerin den Hauptpreis in H\u00f6he von 250.- Euro aus den H\u00e4nden von Joachim H\u00f6per (Gesch\u00e4ftsf\u00fchrung wbv Media). &#8230; <a href=\"https:\/\/eb2019.paedagogik.uni-halle.de\/files\/2019\/10\/PM_Posterpreis_2019.pdf\" rel=\"noopener\" target=\"_blank\">weiterlesen<\/a><\/em><\/p>\n<p><a href=\"https:\/\/eb2019.paedagogik.uni-halle.de\">Zur\u00fcck zur Startseite<\/a><\/p>\n","protected":false},"excerpt":{"rendered":"<div class=\"entry-summary\">\nDen diesj\u00e4hrigen 1. Platz des wbv-Posterpreises auf der Jahrestagung der Sektion Erwachsenenbildung (DGfE) hat Frau Stefanie Hoffmann (Humboldt-Universit\u00e4t zu Berlin)&hellip;\n<\/div>\n<div class=\"link-more\"><a href=\"https:\/\/eb2019.paedagogik.uni-halle.de\/?page_id=1796\" class=\"more-link\">Continue reading<span class=\"screen-reader-text\"> &ldquo;Verleihung des Posterpreises&rdquo;<\/span>&hellip;<\/a><\/div>\n","protected":false},"author":3976,"featured_media":0,"parent":0,"menu_order":0,"comment_status":"closed","ping_status":"closed","template":"","meta":{"_links_to":"","_links_to_target":""},"_links":{"self":[{"href":"https:\/\/eb2019.paedagogik.uni-halle.de\/index.php?rest_route=\/wp\/v2\/pages\/1796"}],"collection":[{"href":"https:\/\/eb2019.paedagogik.uni-halle.de\/index.php?rest_route=\/wp\/v2\/pages"}],"about":[{"href":"https:\/\/eb2019.paedagogik.uni-halle.de\/index.php?rest_route=\/wp\/v2\/types\/page"}],"author":[{"embeddable":true,"href":"https:\/\/eb2019.paedagogik.uni-halle.de\/index.php?rest_route=\/wp\/v2\/users\/3976"}],"replies":[{"embeddable":true,"href":"https:\/\/eb2019.paedagogik.uni-halle.de\/index.php?rest_route=%2Fwp%2Fv2%2Fcomments&post=1796"}],"version-history":[{"count":10,"href":"https:\/\/eb2019.paedagogik.uni-halle.de\/index.php?rest_route=\/wp\/v2\/pages\/1796\/revisions"}],"predecessor-version":[{"id":1799,"href":"https:\/\/eb2019.paedagogik.uni-halle.de\/index.php?rest_route=\/wp\/v2\/pages\/1796\/revisions\/1799"}],"wp:attachment":[{"href":"https:\/\/eb2019.paedagogik.uni-halle.de\/index.php?rest_route=%2Fwp%2Fv2%2Fmedia&parent=1796"}],"curies":[{"name":"wp","href":"https:\/\/api.w.org\/{rel}","templated":true}]}}