{"id":120,"date":"2018-12-20T10:05:02","date_gmt":"2018-12-20T09:05:02","guid":{"rendered":"https:\/\/blogs.urz.uni-halle.de\/eb2019\/?page_id=120"},"modified":"2019-05-21T10:38:41","modified_gmt":"2019-05-21T08:38:41","slug":"impressum","status":"publish","type":"page","link":"https:\/\/eb2019.paedagogik.uni-halle.de\/?page_id=120","title":{"rendered":"Impressum"},"content":{"rendered":"<p>[vc_row][vc_column][vc_column_text css_animation=&#8220;appear&#8220;]<\/p>\n<p>Institution<br \/>\nDie Martin-Luther-Universit\u00e4t Halle-Wittenberg ist eine K\u00f6rperschaft des \u00f6ffentlichen Rechts. Sie wird durch den Rektor Prof. Dr. Christian Tietje gesetzlich vertreten: rektor@uni-halle.de<\/p>\n<p>Umsatzsteuer-Identifikationsnummer<br \/>\nDE 811353703<br \/>\ngem\u00e4\u00df \u00a7 27 a Umsatzsteuergesetz<\/p>\n<p>Adresse<br \/>\nMartin-Luther-Universit\u00e4t Halle-Wittenberg<br \/>\nUniversit\u00e4tsplatz 10<br \/>\n06108 Halle<br \/>\nDeutschland<\/p>\n<p>Kontakt<br \/>\nTelefon\t+49 (0)345 55 20<br \/>\nFax\t+49 (0)345 55 27 077<br \/>\nE-Mail\tpr@uni-halle.de<br \/>\nInternet\twww.uni-halle.de<br \/>\nPostanschrift<br \/>\nMartin-Luther-Universit\u00e4t Halle-Wittenberg<br \/>\n(Adressat, z.B. Fakult\u00e4t und\/oder Institut und\/oder Abteilung)<br \/>\n06099 Halle (Saale)<\/p>\n<p>Urheberrechtshinweis<br \/>\nBitte beachten Sie, dass alle Texte, Bilder und Grafiken sowie ihre Arrangements &#8211; soweit nicht anders ersichtlich &#8211; von der Martin-Luther-Universit\u00e4t Halle-Wittenberg selbst erstellt wurden und dem Schutz des Urheberrechts unterliegen.<br \/>\nSie d\u00fcrfen damit beispielsweise weder kopiert, noch ver\u00e4ndert noch auf anderen Web-Sites verwendet werden. Der Nutzung der allgemein zug\u00e4nglichen Texte durch Dritte stimmen wir hiermit &#8211; auch auszugsweise &#8211; nur unter der Bedingung zu, dass die Martin-Luther-Universit\u00e4t Halle-Wittenberg als Urheber genannt wird.<br \/>\nDie Nutzung der anderen Inhalte, wie beispielsweise der Bilder und Grafiken, ist nicht gestattet. Sollten Sie jedoch Interesse an einem Nutzungsrecht haben, wenden Sie sich bitte an oben genannte Adresse.<\/p>\n<p>[\/vc_column_text][\/vc_column][\/vc_row]<\/p>\n","protected":false},"excerpt":{"rendered":"<div class=\"entry-summary\">\n Institution Die Martin-Luther-Universit\u00e4t Halle-Wittenberg ist eine K\u00f6rperschaft des \u00f6ffentlichen Rechts. Sie wird durch den Rektor Prof. Dr. Christian&hellip;\n<\/div>\n<div class=\"link-more\"><a href=\"https:\/\/eb2019.paedagogik.uni-halle.de\/?page_id=120\" class=\"more-link\">Continue reading<span class=\"screen-reader-text\"> &ldquo;Impressum&rdquo;<\/span>&hellip;<\/a><\/div>\n","protected":false},"author":3976,"featured_media":0,"parent":0,"menu_order":9,"comment_status":"closed","ping_status":"closed","template":"","meta":{"_links_to":"","_links_to_target":""},"_links":{"self":[{"href":"https:\/\/eb2019.paedagogik.uni-halle.de\/index.php?rest_route=\/wp\/v2\/pages\/120"}],"collection":[{"href":"https:\/\/eb2019.paedagogik.uni-halle.de\/index.php?rest_route=\/wp\/v2\/pages"}],"about":[{"href":"https:\/\/eb2019.paedagogik.uni-halle.de\/index.php?rest_route=\/wp\/v2\/types\/page"}],"author":[{"embeddable":true,"href":"https:\/\/eb2019.paedagogik.uni-halle.de\/index.php?rest_route=\/wp\/v2\/users\/3976"}],"replies":[{"embeddable":true,"href":"https:\/\/eb2019.paedagogik.uni-halle.de\/index.php?rest_route=%2Fwp%2Fv2%2Fcomments&post=120"}],"version-history":[{"count":7,"href":"https:\/\/eb2019.paedagogik.uni-halle.de\/index.php?rest_route=\/wp\/v2\/pages\/120\/revisions"}],"predecessor-version":[{"id":241,"href":"https:\/\/eb2019.paedagogik.uni-halle.de\/index.php?rest_route=\/wp\/v2\/pages\/120\/revisions\/241"}],"wp:attachment":[{"href":"https:\/\/eb2019.paedagogik.uni-halle.de\/index.php?rest_route=%2Fwp%2Fv2%2Fmedia&parent=120"}],"curies":[{"name":"wp","href":"https:\/\/api.w.org\/{rel}","templated":true}]}}